{"id":21,"date":"2026-01-16T16:48:14","date_gmt":"2026-01-16T16:48:14","guid":{"rendered":"https:\/\/ikm.hr\/?page_id=21"},"modified":"2026-02-09T07:56:00","modified_gmt":"2026-02-09T07:56:00","slug":"o-institutu","status":"publish","type":"page","link":"https:\/\/ikm.hr\/index.php\/o-institutu\/","title":{"rendered":"O Institutu"},"content":{"rendered":"\n<h3 class=\"wp-block-heading\">Tko smo?<\/h3>\n\n\n\n<p>Institut za inovacije u komunikaciji i medijima (IKM) neprofitna je organizacija osnovana s ciljem poticanja, razvoja i promicanja istra\u017eivanja i inovacija u podru\u010dju komunikacije, medija i informacijskih znanosti.<\/p>\n\n\n\n<figure class=\"wp-block-image size-full is-resized is-style-default wp-duotone-unset-1\" style=\"margin-top:0;margin-bottom:0\"><img loading=\"lazy\" decoding=\"async\" width=\"1536\" height=\"1024\" src=\"https:\/\/ikm.hr\/wp-content\/uploads\/2026\/01\/ChatGPT-Image-17.-sij-2026.-18_45_45.png\" alt=\"\" class=\"wp-image-81\" style=\"object-fit:cover;width:1200px;height:200px\" srcset=\"https:\/\/ikm.hr\/wp-content\/uploads\/2026\/01\/ChatGPT-Image-17.-sij-2026.-18_45_45.png 1536w, https:\/\/ikm.hr\/wp-content\/uploads\/2026\/01\/ChatGPT-Image-17.-sij-2026.-18_45_45-300x200.png 300w, https:\/\/ikm.hr\/wp-content\/uploads\/2026\/01\/ChatGPT-Image-17.-sij-2026.-18_45_45-1024x683.png 1024w, https:\/\/ikm.hr\/wp-content\/uploads\/2026\/01\/ChatGPT-Image-17.-sij-2026.-18_45_45-768x512.png 768w\" sizes=\"auto, (max-width: 1536px) 100vw, 1536px\" \/><\/figure>\n\n\n\n<h3 class=\"wp-block-heading\">Misija<\/h3>\n\n\n\n<p>Misija Instituta jest razvijati znanstveno utemeljene, eti\u010dki odgovorne i dru\u0161tveno relevantne komunikacijske prakse te pridonositi kvaliteti javnog, znanstvenog i medijskog diskursa.<\/p>\n\n\n\n<p><\/p>\n\n\n\n<p><\/p>\n\n\n\n<h3 class=\"wp-block-heading\">Vizija<\/h3>\n\n\n\n<p>Vizija Instituta jest postati prepoznatljivo sredi\u0161te za inovacije u komunikaciji i medijima u Hrvatskoj i \u0161ire, kroz interdisciplinarni rad, me\u0111unarodnu suradnju i projekte od javnog interesa.<\/p>\n\n\n\n<h3 class=\"wp-block-heading\">Akademski okvir<\/h3>\n\n\n\n<p>Rad Instituta utemeljen je na akademskim i znanstvenim standardima te na dugogodi\u0161njem iskustvu osniva\u010da u istra\u017eiva\u010dkom, nastavnom i stru\u010dnom radu u sustavu znanosti i visokog obrazovanja. Polaze\u0107i od suvremenih teorijskih i metodolo\u0161kih pristupa informacijskim i komunikacijskim znanostima, Institut promi\u010de interdisciplinarno istra\u017eivanje komunikacijskih procesa, kriti\u010dku analizu medijskog javnog diskursa te odgovorno i eti\u010dki utemeljeno djelovanje u javnom prostoru.<\/p>\n\n\n\n<p><\/p>\n\n\n\n<p>Poseban naglasak stavlja se na povezivanje znanstvenih spoznaja s praksom, na razvoj inovativnih komunikacijskih modela te na doprinos oblikovanju informiranog, inkluzivnog i demokratskog dru\u0161tvenog okru\u017eenja.<\/p>\n","protected":false},"excerpt":{"rendered":"<p>Tko smo? Institut za inovacije u komunikaciji i medijima (IKM) neprofitna je organizacija osnovana s ciljem poticanja, razvoja i promicanja istra\u017eivanja i inovacija u podru\u010dju komunikacije, medija i informacijskih znanosti. Misija Misija Instituta jest razvijati znanstveno utemeljene, eti\u010dki odgovorne i dru\u0161tveno relevantne komunikacijske prakse te pridonositi kvaliteti javnog, znanstvenog i medijskog diskursa. Vizija Vizija Instituta [&hellip;]<\/p>\n","protected":false},"author":1,"featured_media":0,"parent":0,"menu_order":0,"comment_status":"closed","ping_status":"closed","template":"","meta":{"footnotes":""},"class_list":["post-21","page","type-page","status-publish","hentry"],"blocksy_meta":{"has_hero_section":"disabled","styles_descriptor":{"styles":{"desktop":"","tablet":"","mobile":""},"google_fonts":[],"version":6},"page_structure_type":"default"},"_links":{"self":[{"href":"https:\/\/ikm.hr\/index.php\/wp-json\/wp\/v2\/pages\/21","targetHints":{"allow":["GET"]}}],"collection":[{"href":"https:\/\/ikm.hr\/index.php\/wp-json\/wp\/v2\/pages"}],"about":[{"href":"https:\/\/ikm.hr\/index.php\/wp-json\/wp\/v2\/types\/page"}],"author":[{"embeddable":true,"href":"https:\/\/ikm.hr\/index.php\/wp-json\/wp\/v2\/users\/1"}],"replies":[{"embeddable":true,"href":"https:\/\/ikm.hr\/index.php\/wp-json\/wp\/v2\/comments?post=21"}],"version-history":[{"count":6,"href":"https:\/\/ikm.hr\/index.php\/wp-json\/wp\/v2\/pages\/21\/revisions"}],"predecessor-version":[{"id":212,"href":"https:\/\/ikm.hr\/index.php\/wp-json\/wp\/v2\/pages\/21\/revisions\/212"}],"wp:attachment":[{"href":"https:\/\/ikm.hr\/index.php\/wp-json\/wp\/v2\/media?parent=21"}],"curies":[{"name":"wp","href":"https:\/\/api.w.org\/{rel}","templated":true}]}}