{"id":215,"date":"2026-04-07T14:47:58","date_gmt":"2026-04-07T14:47:58","guid":{"rendered":"https:\/\/ikm.hr\/?page_id=215"},"modified":"2026-04-07T14:54:01","modified_gmt":"2026-04-07T14:54:01","slug":"aktivni-projekti","status":"publish","type":"page","link":"https:\/\/ikm.hr\/index.php\/aktivni-projekti\/","title":{"rendered":"Aktivni projekti"},"content":{"rendered":"\n<p><\/p>\n\n\n\n<p><\/p>\n\n\n\n<div class=\"wp-block-group is-layout-constrained wp-block-group-is-layout-constrained\">\n<div class=\"wp-block-columns is-layout-flex wp-container-core-columns-is-layout-28f84493 wp-block-columns-is-layout-flex\">\n<div class=\"wp-block-column is-layout-flow wp-block-column-is-layout-flow\" style=\"flex-basis:100%\">\n<div class=\"wp-block-group is-layout-constrained wp-block-group-is-layout-constrained\">\n<p><strong>Naziv projekta<\/strong><br>Razvoj medijske pismenosti mladih u algoritamski posredovanom audiovizualnom okru\u017eenju<\/p>\n\n\n\n<p><strong>Kratki opis<\/strong><br>Projekt je usmjeren na razvoj medijske pismenosti mladih u kontekstu suvremenog digitalnog i algoritamski posredovanog medijskog okru\u017eenja. Polazi od razumijevanja da se zna\u010denje audiovizualnih sadr\u017eaja oblikuje kroz me\u0111udjelovanje samog sadr\u017eaja i platformskog konteksta u kojem se distribuira i interpretira.<\/p>\n\n\n\n<p><strong>Cilj projekta<\/strong><br>Cilj projekta je osna\u017eiti mlade za kriti\u010dko i refleksivno razumijevanje audiovizualnih medijskih sadr\u017eaja te uloge algoritamskih sustava u oblikovanju medijskog iskustva.<\/p>\n<\/div>\n<\/div>\n<\/div>\n\n\n\n<p><strong>Tematski okvir<\/strong><br>medijska pismenost; audiovizualni mediji; algoritamski posredovani mediji; umjetna inteligencija i komunikacija<\/p>\n\n\n\n<p><strong>Razdoblje provedbe<\/strong><br>2026.<\/p>\n\n\n\n<p><strong>Nositelj projekta<\/strong><br>Institut za inovacije u komunikaciji i medijima (IKM)<\/p>\n\n\n\n<p><strong>Partneri<\/strong><br>Umjetni\u010dka organizacija Metropolis (MET)<\/p>\n\n\n\n<p><strong>Financiranje<\/strong><br>Projekt je financiran sredstvima Agencije za elektroni\u010dke medije.<\/p>\n\n\n\n<p><strong>Status<\/strong><br>u provedbi<\/p>\n<\/div>\n\n\n\n<p data-wp-context---core-fit-text=\"core\/fit-text::{&quot;fontSize&quot;:&quot;&quot;}\" data-wp-init---core-fit-text=\"core\/fit-text::callbacks.init\" data-wp-interactive data-wp-style--font-size=\"core\/fit-text::context.fontSize\" class=\"has-fit-text\"><\/p>\n\n\n\n<p><\/p>\n","protected":false},"excerpt":{"rendered":"<p>Naziv projektaRazvoj medijske pismenosti mladih u algoritamski posredovanom audiovizualnom okru\u017eenju Kratki opisProjekt je usmjeren na razvoj medijske pismenosti mladih u kontekstu suvremenog digitalnog i algoritamski posredovanog medijskog okru\u017eenja. Polazi od razumijevanja da se zna\u010denje audiovizualnih sadr\u017eaja oblikuje kroz me\u0111udjelovanje samog sadr\u017eaja i platformskog konteksta u kojem se distribuira i interpretira. Cilj projektaCilj projekta je osna\u017eiti [&hellip;]<\/p>\n","protected":false},"author":1,"featured_media":0,"parent":0,"menu_order":0,"comment_status":"closed","ping_status":"closed","template":"","meta":{"footnotes":""},"class_list":["post-215","page","type-page","status-publish","hentry"],"blocksy_meta":[],"_links":{"self":[{"href":"https:\/\/ikm.hr\/index.php\/wp-json\/wp\/v2\/pages\/215","targetHints":{"allow":["GET"]}}],"collection":[{"href":"https:\/\/ikm.hr\/index.php\/wp-json\/wp\/v2\/pages"}],"about":[{"href":"https:\/\/ikm.hr\/index.php\/wp-json\/wp\/v2\/types\/page"}],"author":[{"embeddable":true,"href":"https:\/\/ikm.hr\/index.php\/wp-json\/wp\/v2\/users\/1"}],"replies":[{"embeddable":true,"href":"https:\/\/ikm.hr\/index.php\/wp-json\/wp\/v2\/comments?post=215"}],"version-history":[{"count":3,"href":"https:\/\/ikm.hr\/index.php\/wp-json\/wp\/v2\/pages\/215\/revisions"}],"predecessor-version":[{"id":219,"href":"https:\/\/ikm.hr\/index.php\/wp-json\/wp\/v2\/pages\/215\/revisions\/219"}],"wp:attachment":[{"href":"https:\/\/ikm.hr\/index.php\/wp-json\/wp\/v2\/media?parent=215"}],"curies":[{"name":"wp","href":"https:\/\/api.w.org\/{rel}","templated":true}]}}