{"id":61,"date":"2026-01-17T17:06:32","date_gmt":"2026-01-17T17:06:32","guid":{"rendered":"https:\/\/ikm.hr\/?page_id=61"},"modified":"2026-01-20T17:03:32","modified_gmt":"2026-01-20T17:03:32","slug":"inicijative","status":"publish","type":"page","link":"https:\/\/ikm.hr\/index.php\/inicijative\/","title":{"rendered":"Inicijative"},"content":{"rendered":"\n<p><\/p>\n\n\n\n<h3 class=\"wp-block-heading\">Inicijative Instituta<\/h3>\n\n\n\n<p>Institut za inovacije u komunikaciji i medijima razvija inicijative kao tematske i istra\u017eiva\u010dke okvire unutar kojih se promi\u0161ljaju, razvijaju i testiraju suvremeni pristupi komunikaciji, medijima i informacijama. Inicijative slu\u017ee kao polazi\u0161te za znanstvena istra\u017eivanja, razvoj projekata, edukativne aktivnosti i javno djelovanje Instituta.<\/p>\n\n\n\n<p>Polaze\u0107i od akademskog i interdisciplinarnog pristupa, inicijative Instituta usmjerene su na povezivanje teorijskih uvida s dru\u0161tvenom praksom, s posebnim naglaskom na odgovornu, eti\u010dku i inkluzivnu komunikaciju u suvremenom dru\u0161tvu.<\/p>\n\n\n\n<figure class=\"wp-block-image size-large\"><img loading=\"lazy\" decoding=\"async\" width=\"1024\" height=\"683\" src=\"https:\/\/ikm.hr\/wp-content\/uploads\/2026\/01\/ChatGPT-Image-19.-sij-2026.-18_47_40-1024x683.png\" alt=\"\" class=\"wp-image-173\" srcset=\"https:\/\/ikm.hr\/wp-content\/uploads\/2026\/01\/ChatGPT-Image-19.-sij-2026.-18_47_40-1024x683.png 1024w, https:\/\/ikm.hr\/wp-content\/uploads\/2026\/01\/ChatGPT-Image-19.-sij-2026.-18_47_40-300x200.png 300w, https:\/\/ikm.hr\/wp-content\/uploads\/2026\/01\/ChatGPT-Image-19.-sij-2026.-18_47_40-768x512.png 768w, https:\/\/ikm.hr\/wp-content\/uploads\/2026\/01\/ChatGPT-Image-19.-sij-2026.-18_47_40.png 1536w\" sizes=\"auto, (max-width: 1024px) 100vw, 1024px\" \/><\/figure>\n\n\n\n<p><\/p>\n\n\n\n<h3 class=\"wp-block-heading\">Trenutni istra\u017eiva\u010dki i razvojni fokusi<\/h3>\n\n\n\n<p><strong>Komunikacija znanosti i javnosti<\/strong><\/p>\n\n\n\n<ul class=\"wp-block-list\">\n<li>Razvoj i analiza komunikacijskih modela koji omogu\u0107uju jasnije, razumljivije i dru\u0161tveno relevantno posredovanje znanstvenih spoznaja prema razli\u010ditim javnostima.<\/li>\n<\/ul>\n\n\n\n<p><strong>Mediji, etika i odgovornost<\/strong><\/p>\n\n\n\n<ul class=\"wp-block-list\">\n<li>Istra\u017eivanje eti\u010dkih pitanja u medijskom i komunikacijskom prostoru, s naglaskom na profesionalne standarde, javni interes i odgovornost komunikatora.<\/li>\n<\/ul>\n\n\n\n<p><strong>Digitalna transformacija komunikacijskih praksi<\/strong><\/p>\n\n\n\n<ul class=\"wp-block-list\">\n<li>Analiza utjecaja digitalnih tehnologija i platformi na komunikacijske procese, medijske obrasce i dru\u0161tvene odnose, uklju\u010duju\u0107i izazove i mogu\u0107nosti koje donosi digitalno okru\u017eenje.<\/li>\n<\/ul>\n\n\n\n<p><strong>Interdisciplinarni pristupi komunikaciji i informacijama<\/strong><\/p>\n\n\n\n<ul class=\"wp-block-list\">\n<li>Povezivanje komunikacijskih i informacijskih znanosti s drugim znanstvenim podru\u010djima radi cjelovitijeg razumijevanja komunikacije kao dru\u0161tvene prakse.<\/li>\n<\/ul>\n\n\n\n<hr class=\"wp-block-separator has-alpha-channel-opacity\"\/>\n\n\n\n<blockquote class=\"wp-block-quote is-layout-flow wp-block-quote-is-layout-flow\">\n<p><em>Inicijative Instituta razvijaju se postupno te se prilago\u0111avaju istra\u017eiva\u010dkim interesima, dru\u0161tvenim potrebama i dostupnim projektnim mogu\u0107nostima.<\/em><\/p>\n<\/blockquote>\n\n\n\n<p><\/p>\n","protected":false},"excerpt":{"rendered":"<p>Inicijative Instituta Institut za inovacije u komunikaciji i medijima razvija inicijative kao tematske i istra\u017eiva\u010dke okvire unutar kojih se promi\u0161ljaju, razvijaju i testiraju suvremeni pristupi komunikaciji, medijima i informacijama. Inicijative slu\u017ee kao polazi\u0161te za znanstvena istra\u017eivanja, razvoj projekata, edukativne aktivnosti i javno djelovanje Instituta. Polaze\u0107i od akademskog i interdisciplinarnog pristupa, inicijative Instituta usmjerene su na [&hellip;]<\/p>\n","protected":false},"author":1,"featured_media":0,"parent":0,"menu_order":0,"comment_status":"closed","ping_status":"closed","template":"","meta":{"footnotes":""},"class_list":["post-61","page","type-page","status-publish","hentry"],"blocksy_meta":{"has_hero_section":"disabled","styles_descriptor":{"styles":{"desktop":"","tablet":"","mobile":""},"google_fonts":[],"version":6}},"_links":{"self":[{"href":"https:\/\/ikm.hr\/index.php\/wp-json\/wp\/v2\/pages\/61","targetHints":{"allow":["GET"]}}],"collection":[{"href":"https:\/\/ikm.hr\/index.php\/wp-json\/wp\/v2\/pages"}],"about":[{"href":"https:\/\/ikm.hr\/index.php\/wp-json\/wp\/v2\/types\/page"}],"author":[{"embeddable":true,"href":"https:\/\/ikm.hr\/index.php\/wp-json\/wp\/v2\/users\/1"}],"replies":[{"embeddable":true,"href":"https:\/\/ikm.hr\/index.php\/wp-json\/wp\/v2\/comments?post=61"}],"version-history":[{"count":11,"href":"https:\/\/ikm.hr\/index.php\/wp-json\/wp\/v2\/pages\/61\/revisions"}],"predecessor-version":[{"id":204,"href":"https:\/\/ikm.hr\/index.php\/wp-json\/wp\/v2\/pages\/61\/revisions\/204"}],"wp:attachment":[{"href":"https:\/\/ikm.hr\/index.php\/wp-json\/wp\/v2\/media?parent=61"}],"curies":[{"name":"wp","href":"https:\/\/api.w.org\/{rel}","templated":true}]}}